{"id":122,"date":"2016-02-03T14:49:26","date_gmt":"2016-02-03T19:49:26","guid":{"rendered":"http:\/\/pyramide.excavationsallard.com\/?page_id=122"},"modified":"2016-02-09T17:22:06","modified_gmt":"2016-02-09T22:22:06","slug":"quoi-demander","status":"publish","type":"page","link":"https:\/\/pyramide.excavationsallard.com\/?page_id=122","title":{"rendered":"Quoi demander?"},"content":{"rendered":"<h1><span style=\"color: #26ad60;\">Quoi demander?<\/span><\/h1>\n<hr \/>\n<p>G\u00e9n\u00e9ralement, les entrepreneurs g\u00e9n\u00e9raux, les municipalit\u00e9s et compagnies de construction savent quels documents fournir avec leurs requ\u00eates. Ce sont surtout les particuliers, monsieur madame tout le monde, qui ne savent pas. Pour beaucoup d&#8217;entre eux, les projets de construction sont un saut dans le vide; ils n&#8217;y connaissent pas grand chose et ils sont inquiets. C&#8217;est notre devoir de les prendre par la main et de les conduire.<\/p>\n<p>De fa\u00e7on universelle, il faut prendre note de tous les coordonn\u00e9s des nouveaux clients:<\/p>\n<ul style=\"position: relative; top: -20px;\">\n<li>Nom &amp; pr\u00e9nom<\/li>\n<li>Nom d&#8217;entreprise (s&#8217;il y a lieu)<\/li>\n<li>Adresse postale compl\u00e8te<\/li>\n<li>Courriel<\/li>\n<li>Num\u00e9ro(s) de t\u00e9l\u00e9phone<\/li>\n<li>Adresse compl\u00e8te du projet (s&#8217;il y a lieu)<\/li>\n<li>Date pr\u00e9vue pour le d\u00e9but des travaux (s&#8217;il y a lieu)<\/li>\n<\/ul>\n<p><strong>Projets typiques avec les documents et infos li\u00e9s qui sont n\u00e9cessaires:<\/strong><br \/>\n1. Excavation pour maison\/b\u00e2timent\/agrandissement<\/p>\n<ul style=\"position: relative; top: -20px;\">\n<li>Version finale des plans de construction\u00a0(le plus complet possible)<\/li>\n<li>Plan d&#8217;implantation du b\u00e2timent<\/li>\n<li>Disponibilit\u00e9 des services municipaux\u00a0(aqueduc\/sanitaire\/pluvial)\n<ul>\n<li>Si le service sanitaire n&#8217;est pas offert, informer le client que nous pouvons \u00e9galement s&#8217;occuper de son installation sanitaire<\/li>\n<\/ul>\n<\/li>\n<\/ul>\n<p>2. Installation sanitaire<\/p>\n<ul style=\"position: relative; top: -20px;\">\n<li>Rapport d&#8217;ing\u00e9nieur (plan d&#8217;installation) si disponible<\/li>\n<li>Si rapport d&#8217;ing\u00e9nieur indisponible:\n<ul>\n<li>Expliquer que le rapport d&#8217;ing\u00e9nieur est la premi\u00e8re \u00e9tape. Nous ne pouvons donner un prix final sans ce rapport<\/li>\n<li>Offrir au client de nous occuper de l&#8217;\u00e9tude de sol pour la production d&#8217;un rapport.<\/li>\n<li>Si le client accepte, il doit nous fournir une copie de son plan d&#8217;implantation car l&#8217;ing\u00e9nieur en aura besoin.<br \/>\nUne petite soumission doit donc \u00eatre produite et sign\u00e9e pour que nous mandations un ing\u00e9nieur.<\/li>\n<\/ul>\n<\/li>\n<\/ul>\n","protected":false},"excerpt":{"rendered":"<p>Quoi demander? G\u00e9n\u00e9ralement, les entrepreneurs g\u00e9n\u00e9raux, les municipalit\u00e9s et compagnies de construction savent quels documents fournir avec leurs requ\u00eates. Ce sont surtout les particuliers, monsieur madame tout le monde, qui ne savent pas. Pour beaucoup d&#8217;entre eux, les projets de construction sont un saut dans le vide; ils n&#8217;y connaissent pas grand chose et ils [&hellip;]<\/p>\n","protected":false},"author":1,"featured_media":0,"parent":46,"menu_order":60,"comment_status":"closed","ping_status":"closed","template":"","meta":{"footnotes":""},"class_list":["post-122","page","type-page","status-publish","hentry"],"_links":{"self":[{"href":"https:\/\/pyramide.excavationsallard.com\/index.php?rest_route=\/wp\/v2\/pages\/122","targetHints":{"allow":["GET"]}}],"collection":[{"href":"https:\/\/pyramide.excavationsallard.com\/index.php?rest_route=\/wp\/v2\/pages"}],"about":[{"href":"https:\/\/pyramide.excavationsallard.com\/index.php?rest_route=\/wp\/v2\/types\/page"}],"author":[{"embeddable":true,"href":"https:\/\/pyramide.excavationsallard.com\/index.php?rest_route=\/wp\/v2\/users\/1"}],"replies":[{"embeddable":true,"href":"https:\/\/pyramide.excavationsallard.com\/index.php?rest_route=%2Fwp%2Fv2%2Fcomments&post=122"}],"version-history":[{"count":7,"href":"https:\/\/pyramide.excavationsallard.com\/index.php?rest_route=\/wp\/v2\/pages\/122\/revisions"}],"predecessor-version":[{"id":184,"href":"https:\/\/pyramide.excavationsallard.com\/index.php?rest_route=\/wp\/v2\/pages\/122\/revisions\/184"}],"up":[{"embeddable":true,"href":"https:\/\/pyramide.excavationsallard.com\/index.php?rest_route=\/wp\/v2\/pages\/46"}],"wp:attachment":[{"href":"https:\/\/pyramide.excavationsallard.com\/index.php?rest_route=%2Fwp%2Fv2%2Fmedia&parent=122"}],"curies":[{"name":"wp","href":"https:\/\/api.w.org\/{rel}","templated":true}]}}