{"id":234,"date":"2016-02-12T13:05:46","date_gmt":"2016-02-12T18:05:46","guid":{"rendered":"http:\/\/pyramide.excavationsallard.com\/?page_id=234"},"modified":"2016-02-23T10:32:55","modified_gmt":"2016-02-23T15:32:55","slug":"planification-preparation","status":"publish","type":"page","link":"https:\/\/pyramide.excavationsallard.com\/?page_id=234","title":{"rendered":"Planification &#038; pr\u00e9paration"},"content":{"rendered":"<h1><span style=\"color: #26ad60;\">Planification &#038; pr\u00e9paration<\/span><\/h1>\n<hr \/>\n<p>Il est vrai que la planification et la pr\u00e9paration des chantiers rel\u00e8vent des responsables des projets, mais une partie de cette organisation repose sur le personnel administratif.<\/p>\n<p><strong>Liste des responsabilit\u00e9s<\/strong><\/p>\n<ul style=\"position: relative; top: -20px\">\n<li>Garder le calendrier blanc synchronis\u00e9 avec google agenda<\/li>\n<li>Inscrire les chantiers \u00e0 venir et pr\u00e9sent sur le tableau des employ\u00e9s et retirer les chantiers pr\u00eat \u00e0 facturer<\/li>\n<li>Effectuer les demandes de rep\u00e9rage \u00e0 Info-Excavation lorsque demand\u00e9 par un responsable<\/li>\n<li>Effectuer les demandes de permis, d&#8217;inspection, de documents et autres lorsque demand\u00e9 par un responsable<\/li>\n<li>S&#8217;assurer de l&#8217;obtention d&#8217;une copie sign\u00e9e des soumissions pour les projets qui vont d\u00e9buter (lorsqu&#8217;applicable)<\/li>\n<\/ul>\n","protected":false},"excerpt":{"rendered":"<p>Planification &#038; pr\u00e9paration Il est vrai que la planification et la pr\u00e9paration des chantiers rel\u00e8vent des responsables des projets, mais une partie de cette organisation repose sur le personnel administratif. Liste des responsabilit\u00e9s Garder le calendrier blanc synchronis\u00e9 avec google agenda Inscrire les chantiers \u00e0 venir et pr\u00e9sent sur le tableau des employ\u00e9s et retirer [&hellip;]<\/p>\n","protected":false},"author":1,"featured_media":0,"parent":48,"menu_order":50,"comment_status":"closed","ping_status":"closed","template":"","meta":{"footnotes":""},"class_list":["post-234","page","type-page","status-publish","hentry"],"_links":{"self":[{"href":"https:\/\/pyramide.excavationsallard.com\/index.php?rest_route=\/wp\/v2\/pages\/234","targetHints":{"allow":["GET"]}}],"collection":[{"href":"https:\/\/pyramide.excavationsallard.com\/index.php?rest_route=\/wp\/v2\/pages"}],"about":[{"href":"https:\/\/pyramide.excavationsallard.com\/index.php?rest_route=\/wp\/v2\/types\/page"}],"author":[{"embeddable":true,"href":"https:\/\/pyramide.excavationsallard.com\/index.php?rest_route=\/wp\/v2\/users\/1"}],"replies":[{"embeddable":true,"href":"https:\/\/pyramide.excavationsallard.com\/index.php?rest_route=%2Fwp%2Fv2%2Fcomments&post=234"}],"version-history":[{"count":5,"href":"https:\/\/pyramide.excavationsallard.com\/index.php?rest_route=\/wp\/v2\/pages\/234\/revisions"}],"predecessor-version":[{"id":247,"href":"https:\/\/pyramide.excavationsallard.com\/index.php?rest_route=\/wp\/v2\/pages\/234\/revisions\/247"}],"up":[{"embeddable":true,"href":"https:\/\/pyramide.excavationsallard.com\/index.php?rest_route=\/wp\/v2\/pages\/48"}],"wp:attachment":[{"href":"https:\/\/pyramide.excavationsallard.com\/index.php?rest_route=%2Fwp%2Fv2%2Fmedia&parent=234"}],"curies":[{"name":"wp","href":"https:\/\/api.w.org\/{rel}","templated":true}]}}