{"id":257,"date":"2016-02-24T18:05:54","date_gmt":"2016-02-24T23:05:54","guid":{"rendered":"http:\/\/pyramide.excavationsallard.com\/?page_id=257"},"modified":"2016-02-25T09:24:15","modified_gmt":"2016-02-25T14:24:15","slug":"compilation-des-heures","status":"publish","type":"page","link":"https:\/\/pyramide.excavationsallard.com\/?page_id=257","title":{"rendered":"Compilation des heures"},"content":{"rendered":"<h1><span style=\"color: #26ad60;\">Compilation des heures<\/span><\/h1>\n<hr class=\"myhr\" \/>\n<p>La compilations des heures consiste \u00e0 garder le registre des heures travaill\u00e9es par les employ\u00e9s \u00e0 jour. Dans le registre, les heures sont divis\u00e9es par secteur d&#8217;activit\u00e9 (ou branche de salaire). C&#8217;est \u00e9galement avec le registre que le suivi des heures \u00e0 payer est fait. Id\u00e9alement, cette t\u00e2che est effectu\u00e9e parall\u00e8lement avec la <a href=\"http:\/\/pyramide.excavationsallard.com\/?page_id=81\">gestion des feuilles de temps<\/a>.<\/p>\n<p><strong>\u00c0 faire<\/strong><br \/>\nLa mise \u00e0 jour du registre se fait en m\u00eame temps que l&#8217;approbation des feuilles de temps.<br \/>\n<em>*Astuce: Lorsqu&#8217;une feuille est faite et r\u00e9vis\u00e9e, avant de cocher la case &#8220;Approuv\u00e9e&#8221; inscrire les heures dans le registre.<\/em><\/p>\n<p>Il faut inscrire 0h pour les jours o\u00f9 les employ\u00e9s n&#8217;ont pas travaill\u00e9s pour montrer qu&#8217;il n&#8217;y a pas eu d&#8217;oublie dans la gestion des feuilles de temps.<\/p>\n<p>Mensuellement, un comparatif doit \u00eatre fait avec les heures enregistr\u00e9es dans Gestion et le registre pour s&#8217;assurer qu&#8217;il n&#8217;y a pas d&#8217;erreurs. D\u00e9marches pour obtenir le cumulatif des heures du mois pr\u00e9c\u00e9dant pour chaque employ\u00e9:<\/p>\n<ul style=\"position: relative; top: -20px;\">\n<li>Dans Gestio, aller \u00e0 la page &#8220;Feuilles de temps&#8221; sous l&#8217;onglet &#8220;Rapport&#8221;<\/li>\n<li>Placer le filtre &#8220;30 derniers jours&#8221; \u00e0 &#8220;Autre&#8221;<\/li>\n<li>Dans les champs &#8220;Du&#8221; et &#8220;Au&#8221; du premier au dernier jour du mois pr\u00e9c\u00e9dant<\/li>\n<li>S\u00e9lectionner l&#8217;employ\u00e9 \u00e0 v\u00e9rifier dans le filtre &#8220;Employ\u00e9&#8221;<\/li>\n<li>Appuyer sur filtrer et lire le total au bas de la liste<\/li>\n<li>Comparer avec le registre, comprendre et corriger les erreurs au besoin<\/li>\n<\/ul>\n<p>Mensuellement, remettre une copie du registre du mois pr\u00e9c\u00e9dant \u00e0 chaque employ\u00e9 afin qu&#8217;ils aient un suivi.<\/p>\n","protected":false},"excerpt":{"rendered":"<p>Compilation des heures La compilations des heures consiste \u00e0 garder le registre des heures travaill\u00e9es par les employ\u00e9s \u00e0 jour. Dans le registre, les heures sont divis\u00e9es par secteur d&#8217;activit\u00e9 (ou branche de salaire). C&#8217;est \u00e9galement avec le registre que le suivi des heures \u00e0 payer est fait. Id\u00e9alement, cette t\u00e2che est effectu\u00e9e parall\u00e8lement avec [&hellip;]<\/p>\n","protected":false},"author":1,"featured_media":0,"parent":50,"menu_order":20,"comment_status":"closed","ping_status":"closed","template":"","meta":{"footnotes":""},"class_list":["post-257","page","type-page","status-publish","hentry"],"_links":{"self":[{"href":"https:\/\/pyramide.excavationsallard.com\/index.php?rest_route=\/wp\/v2\/pages\/257","targetHints":{"allow":["GET"]}}],"collection":[{"href":"https:\/\/pyramide.excavationsallard.com\/index.php?rest_route=\/wp\/v2\/pages"}],"about":[{"href":"https:\/\/pyramide.excavationsallard.com\/index.php?rest_route=\/wp\/v2\/types\/page"}],"author":[{"embeddable":true,"href":"https:\/\/pyramide.excavationsallard.com\/index.php?rest_route=\/wp\/v2\/users\/1"}],"replies":[{"embeddable":true,"href":"https:\/\/pyramide.excavationsallard.com\/index.php?rest_route=%2Fwp%2Fv2%2Fcomments&post=257"}],"version-history":[{"count":4,"href":"https:\/\/pyramide.excavationsallard.com\/index.php?rest_route=\/wp\/v2\/pages\/257\/revisions"}],"predecessor-version":[{"id":262,"href":"https:\/\/pyramide.excavationsallard.com\/index.php?rest_route=\/wp\/v2\/pages\/257\/revisions\/262"}],"up":[{"embeddable":true,"href":"https:\/\/pyramide.excavationsallard.com\/index.php?rest_route=\/wp\/v2\/pages\/50"}],"wp:attachment":[{"href":"https:\/\/pyramide.excavationsallard.com\/index.php?rest_route=%2Fwp%2Fv2%2Fmedia&parent=257"}],"curies":[{"name":"wp","href":"https:\/\/api.w.org\/{rel}","templated":true}]}}