{"id":303,"date":"2016-03-14T09:18:07","date_gmt":"2016-03-14T14:18:07","guid":{"rendered":"http:\/\/pyramide.excavationsallard.com\/?page_id=303"},"modified":"2016-03-14T10:07:48","modified_gmt":"2016-03-14T15:07:48","slug":"materiaux-en-vrac","status":"publish","type":"page","link":"https:\/\/pyramide.excavationsallard.com\/?page_id=303","title":{"rendered":"Mat\u00e9riaux en vrac"},"content":{"rendered":"<h1><span style=\"color: #26ad60;\">Mat\u00e9riaux en vrac<\/span><\/h1>\n<hr \/>\n<p>Tous les mat\u00e9riaux qui sont transport\u00e9s en camion et qui se comptent, soit \u00e0 la tonne, ou au chargement, entrent dans la cat\u00e9gorie &#8220;en vrac&#8221;. Une grande portion du chiffre d&#8217;affaires de la compagnie lui revient; chaque ann\u00e9e, des milliers de tonnes de pierre et de sable sont livr\u00e9es aux clients.<\/p>\n<p>Il y a deux types de transport de mat\u00e9riaux: les entr\u00e9es et les sorties. Sur un projet, nous allons soit apporter du mat\u00e9riel, ou en sortir. Selon le genre de produit et le fournisseur, nous serons factur\u00e9 d&#8217;apr\u00e8s le nombre de tonnes transport\u00e9es, ou de chargements.<\/p>\n<p>Lorsque vient le temps de soumissionner ou simplement d&#8217;\u00e9valuer les besoins d&#8217;un chantier, des outils sont disponibles pour calculer la quantit\u00e9 de mati\u00e8re \u00e0 livrer en proportion du volume \u00e0 combler. Ces outils incluent \u00e9galement la possibilit\u00e9 d&#8217;obtenir un prix de vente en fonction des quantit\u00e9s calcul\u00e9es. <a href=\"http:\/\/pyramide.excavationsallard.com\/?page_id=308\">Consulte la page expliquant l&#8217;utilisation de ces outils<\/a>.<\/p>\n<p>Les pages filles de la pr\u00e9sente listent les diff\u00e9rentes vari\u00e9t\u00e9s de mat\u00e9riaux ainsi que l&#8217;application de chacune. Il est bien de les connaitre pour \u00eatre en mesure de conseiller efficacement les clients; c&#8217;est l&#8217;une des bases en excavation.<\/p>\n","protected":false},"excerpt":{"rendered":"<p>Mat\u00e9riaux en vrac Tous les mat\u00e9riaux qui sont transport\u00e9s en camion et qui se comptent, soit \u00e0 la tonne, ou au chargement, entrent dans la cat\u00e9gorie &#8220;en vrac&#8221;. Une grande portion du chiffre d&#8217;affaires de la compagnie lui revient; chaque ann\u00e9e, des milliers de tonnes de pierre et de sable sont livr\u00e9es aux clients. Il [&hellip;]<\/p>\n","protected":false},"author":1,"featured_media":0,"parent":31,"menu_order":10,"comment_status":"closed","ping_status":"closed","template":"","meta":{"footnotes":""},"class_list":["post-303","page","type-page","status-publish","hentry"],"_links":{"self":[{"href":"https:\/\/pyramide.excavationsallard.com\/index.php?rest_route=\/wp\/v2\/pages\/303","targetHints":{"allow":["GET"]}}],"collection":[{"href":"https:\/\/pyramide.excavationsallard.com\/index.php?rest_route=\/wp\/v2\/pages"}],"about":[{"href":"https:\/\/pyramide.excavationsallard.com\/index.php?rest_route=\/wp\/v2\/types\/page"}],"author":[{"embeddable":true,"href":"https:\/\/pyramide.excavationsallard.com\/index.php?rest_route=\/wp\/v2\/users\/1"}],"replies":[{"embeddable":true,"href":"https:\/\/pyramide.excavationsallard.com\/index.php?rest_route=%2Fwp%2Fv2%2Fcomments&post=303"}],"version-history":[{"count":5,"href":"https:\/\/pyramide.excavationsallard.com\/index.php?rest_route=\/wp\/v2\/pages\/303\/revisions"}],"predecessor-version":[{"id":313,"href":"https:\/\/pyramide.excavationsallard.com\/index.php?rest_route=\/wp\/v2\/pages\/303\/revisions\/313"}],"up":[{"embeddable":true,"href":"https:\/\/pyramide.excavationsallard.com\/index.php?rest_route=\/wp\/v2\/pages\/31"}],"wp:attachment":[{"href":"https:\/\/pyramide.excavationsallard.com\/index.php?rest_route=%2Fwp%2Fv2%2Fmedia&parent=303"}],"curies":[{"name":"wp","href":"https:\/\/api.w.org\/{rel}","templated":true}]}}