{"id":308,"date":"2016-03-14T09:47:59","date_gmt":"2016-03-14T14:47:59","guid":{"rendered":"http:\/\/pyramide.excavationsallard.com\/?page_id=308"},"modified":"2016-03-18T14:26:03","modified_gmt":"2016-03-18T19:26:03","slug":"outils-de-calcul","status":"publish","type":"page","link":"https:\/\/pyramide.excavationsallard.com\/?page_id=308","title":{"rendered":"Outils de calcul"},"content":{"rendered":"<h1><span style=\"color: #26ad60;\">Outils de calcul<\/span><\/h1>\n<hr \/>\n<p>Plusieurs outils ont \u00e9t\u00e9 mis en place pour aider les usagers \u00e0 obtenir prix et quantit\u00e9s quant aux mat\u00e9riaux en vrac. La pr\u00e9sente page explique le fonctionnement et l&#8217;utilisation de chacun:<\/p>\n<p><a href=\"#qty\"><img loading=\"lazy\" decoding=\"async\" src=\"http:\/\/pyramide.excavationsallard.com\/wp-content\/uploads\/2016\/03\/qty-150x150.png\" alt=\"qty\" width=\"120\" height=\"120\" class=\"alignnone size-thumbnail wp-image-319\" srcset=\"https:\/\/pyramide.excavationsallard.com\/wp-content\/uploads\/2016\/03\/qty-150x150.png 150w, https:\/\/pyramide.excavationsallard.com\/wp-content\/uploads\/2016\/03\/qty.png 185w\" sizes=\"auto, (max-width: 120px) 100vw, 120px\" \/><\/a>&nbsp;&nbsp;&nbsp;&nbsp;&nbsp;&nbsp;&nbsp;&nbsp;&nbsp;&nbsp;<a href=\"#qty-adv\"><img loading=\"lazy\" decoding=\"async\" src=\"http:\/\/pyramide.excavationsallard.com\/wp-content\/uploads\/2016\/03\/qty-adv-150x150.png\" alt=\"qty-adv\" width=\"120\" height=\"120\" class=\"alignnone size-thumbnail wp-image-320\" srcset=\"https:\/\/pyramide.excavationsallard.com\/wp-content\/uploads\/2016\/03\/qty-adv-150x150.png 150w, https:\/\/pyramide.excavationsallard.com\/wp-content\/uploads\/2016\/03\/qty-adv.png 185w\" sizes=\"auto, (max-width: 120px) 100vw, 120px\" \/><\/a>&nbsp;&nbsp;&nbsp;&nbsp;&nbsp;&nbsp;&nbsp;&nbsp;&nbsp;&nbsp;<a href=\"#vrac\"><img loading=\"lazy\" decoding=\"async\" src=\"http:\/\/pyramide.excavationsallard.com\/wp-content\/uploads\/2016\/03\/vrac-150x150.png\" alt=\"vrac\" width=\"120\" height=\"120\" class=\"alignnone size-thumbnail wp-image-321\" srcset=\"https:\/\/pyramide.excavationsallard.com\/wp-content\/uploads\/2016\/03\/vrac-150x150.png 150w, https:\/\/pyramide.excavationsallard.com\/wp-content\/uploads\/2016\/03\/vrac.png 185w\" sizes=\"auto, (max-width: 120px) 100vw, 120px\" \/><\/a>&nbsp;&nbsp;&nbsp;&nbsp;&nbsp;&nbsp;&nbsp;&nbsp;&nbsp;&nbsp;<a href=\"#vrac-adv\"><img loading=\"lazy\" decoding=\"async\" src=\"http:\/\/pyramide.excavationsallard.com\/wp-content\/uploads\/2016\/03\/vrac-adv-150x150.png\" alt=\"vrac-adv\" width=\"120\" height=\"120\" class=\"alignnone size-thumbnail wp-image-322\" srcset=\"https:\/\/pyramide.excavationsallard.com\/wp-content\/uploads\/2016\/03\/vrac-adv-150x150.png 150w, https:\/\/pyramide.excavationsallard.com\/wp-content\/uploads\/2016\/03\/vrac-adv.png 185w\" sizes=\"auto, (max-width: 120px) 100vw, 120px\" \/><\/a>&nbsp;&nbsp;&nbsp;&nbsp;&nbsp;&nbsp;&nbsp;&nbsp;&nbsp;&nbsp;<a href=\"#conv\"><img loading=\"lazy\" decoding=\"async\" src=\"http:\/\/pyramide.excavationsallard.com\/wp-content\/uploads\/2016\/03\/conv-150x150.png\" alt=\"conv\" width=\"120\" height=\"120\" class=\"alignnone size-thumbnail wp-image-316\" srcset=\"https:\/\/pyramide.excavationsallard.com\/wp-content\/uploads\/2016\/03\/conv-150x150.png 150w, https:\/\/pyramide.excavationsallard.com\/wp-content\/uploads\/2016\/03\/conv.png 185w\" sizes=\"auto, (max-width: 120px) 100vw, 120px\" \/><\/a>&nbsp;&nbsp;&nbsp;&nbsp;&nbsp;&nbsp;&nbsp;&nbsp;&nbsp;&nbsp;<a href=\"#fourn\"><img loading=\"lazy\" decoding=\"async\" src=\"http:\/\/pyramide.excavationsallard.com\/wp-content\/uploads\/2016\/03\/fourn-150x150.png\" alt=\"fourn\" width=\"120\" height=\"120\" class=\"alignnone size-thumbnail wp-image-318\" srcset=\"https:\/\/pyramide.excavationsallard.com\/wp-content\/uploads\/2016\/03\/fourn-150x150.png 150w, https:\/\/pyramide.excavationsallard.com\/wp-content\/uploads\/2016\/03\/fourn.png 185w\" sizes=\"auto, (max-width: 120px) 100vw, 120px\" \/><\/a>&nbsp;&nbsp;&nbsp;&nbsp;&nbsp;&nbsp;&nbsp;&nbsp;&nbsp;&nbsp;<a href=\"#calc\"><img loading=\"lazy\" decoding=\"async\" src=\"http:\/\/pyramide.excavationsallard.com\/wp-content\/uploads\/2016\/03\/calc-150x150.png\" alt=\"calc\" width=\"120\" height=\"120\" class=\"alignnone size-thumbnail wp-image-324\" srcset=\"https:\/\/pyramide.excavationsallard.com\/wp-content\/uploads\/2016\/03\/calc-150x150.png 150w, https:\/\/pyramide.excavationsallard.com\/wp-content\/uploads\/2016\/03\/calc.png 185w\" sizes=\"auto, (max-width: 120px) 100vw, 120px\" \/><\/a><\/p>\n<div>&nbsp;<\/div>\n<div>&nbsp;<\/div>\n<div>&nbsp;<\/div>\n<div>&nbsp;<\/div>\n<div>&nbsp;<\/div>\n<p><center><\/p>\n<div id=\"qty\"><img loading=\"lazy\" decoding=\"async\" src=\"http:\/\/pyramide.excavationsallard.com\/wp-content\/uploads\/2016\/03\/qty-150x150.png\" alt=\"qty\" width=\"120\" height=\"120\" class=\"alignnone size-thumbnail wp-image-319\" srcset=\"https:\/\/pyramide.excavationsallard.com\/wp-content\/uploads\/2016\/03\/qty-150x150.png 150w, https:\/\/pyramide.excavationsallard.com\/wp-content\/uploads\/2016\/03\/qty.png 185w\" sizes=\"auto, (max-width: 120px) 100vw, 120px\" \/><\/div>\n<p><strong>Convertisseur de volume en poids (tonne m\u00e9trique)<\/strong><br \/>\n<img loading=\"lazy\" decoding=\"async\" src=\"http:\/\/pyramide.excavationsallard.com\/wp-content\/uploads\/2016\/03\/qty-tool.png\" alt=\"qty-tool\" width=\"524\" height=\"318\" class=\"alignnone size-full wp-image-330\" srcset=\"https:\/\/pyramide.excavationsallard.com\/wp-content\/uploads\/2016\/03\/qty-tool.png 524w, https:\/\/pyramide.excavationsallard.com\/wp-content\/uploads\/2016\/03\/qty-tool-300x182.png 300w\" sizes=\"auto, (max-width: 524px) 100vw, 524px\" \/><\/center><br \/>\nLes trois zones de texte dans le haut correspondent aux trois dimensions du volume \u00e0 calculer. Selon l&#8217;unit\u00e9 de mesure choisie, la largeur et la longueur sont sp\u00e9cifi\u00e9es en pied ou en m\u00e8tre. L&#8217;\u00e9paisseur, pour sa part, est en pouce ou en centim\u00e8tre.<br \/>\nSi le volume est sous forme circulaire, il faut sp\u00e9cifier le diam\u00e8tre et l&#8217;\u00e9paisseur. La largeur et la longueur sont alors ignor\u00e9es.<br \/>\nIl est important, ensuite, de choisir le bon type de mat\u00e9riel; tous les mat\u00e9riaux n&#8217;ont pas la m\u00eame masse volumique, ce qui influe grandement sur le poids total.<\/p>\n<div>&nbsp;<\/div>\n<div>&nbsp;<\/div>\n<div>&nbsp;<\/div>\n<p><center><\/p>\n<div id=\"qty-adv\"><img loading=\"lazy\" decoding=\"async\" src=\"http:\/\/pyramide.excavationsallard.com\/wp-content\/uploads\/2016\/03\/qty-adv-150x150.png\" alt=\"qty-adv\" width=\"120\" height=\"120\" class=\"alignnone size-thumbnail wp-image-320\" srcset=\"https:\/\/pyramide.excavationsallard.com\/wp-content\/uploads\/2016\/03\/qty-adv-150x150.png 150w, https:\/\/pyramide.excavationsallard.com\/wp-content\/uploads\/2016\/03\/qty-adv.png 185w\" sizes=\"auto, (max-width: 120px) 100vw, 120px\" \/><\/div>\n<p><strong>Convertisseur de volume en poids (tonne m\u00e9trique) avanc\u00e9<\/strong><br \/>\n<img loading=\"lazy\" decoding=\"async\" src=\"http:\/\/pyramide.excavationsallard.com\/wp-content\/uploads\/2016\/03\/qty-adv-tool.png\" alt=\"qty-adv-tool\" width=\"524\" height=\"318\" class=\"alignnone size-full wp-image-330\" \/><\/center><br \/>\nDe la m\u00eame fa\u00e7on que l&#8217;outil de calcul standard, les m\u00eames dimensions sont sp\u00e9cifi\u00e9s avec les m\u00eames unit\u00e9s de mesure. Dans ce cas, par contre, jusqu&#8217;\u00e0 huit dimensions peuvent \u00eatre additionn\u00e9es.<br \/>\nPour calculer un cercle, il faut cocher la case &#8220;Cercle&#8221;. La largeur sera alors utilis\u00e9e comme diam\u00e8tre et la longueur sera ignor\u00e9e.<br \/>\nLe foisonnement sert \u00e0 calculer l&#8217;expansion du mat\u00e9riel excav\u00e9; par exemple, 1 m\u00e8tre<sup>3<\/sup> d&#8217;argile non excav\u00e9e va prendre 35% d&#8217;expansion lorsqu&#8217;il sera manipul\u00e9. Il faut donc inscrire un foisonnement de 1.35.<br \/>\nDans la formule math\u00e9matique utilis\u00e9e, le volume est converti en verge<sup>3<\/sup> pour ensuite \u00eatre multipli\u00e9 par un coefficient propre \u00e0 chaque type de mat\u00e9riel. Selon la masse volumique, un coefficient est \u00e9tabli pour convertir les verges en tonnes. Dans cet outil, il faut connaitre le coefficient pour calculer une quantit\u00e9.<\/p>\n<div>&nbsp;<\/div>\n<div>&nbsp;<\/div>\n<div>&nbsp;<\/div>\n<p><center><\/p>\n<div id=\"vrac\"><img loading=\"lazy\" decoding=\"async\" src=\"http:\/\/pyramide.excavationsallard.com\/wp-content\/uploads\/2016\/03\/vrac-150x150.png\" alt=\"vrac\" width=\"120\" height=\"120\" class=\"alignnone size-thumbnail wp-image-321\" srcset=\"https:\/\/pyramide.excavationsallard.com\/wp-content\/uploads\/2016\/03\/vrac-150x150.png 150w, https:\/\/pyramide.excavationsallard.com\/wp-content\/uploads\/2016\/03\/vrac.png 185w\" sizes=\"auto, (max-width: 120px) 100vw, 120px\" \/><\/div>\n<p><strong>Calculateur de prix pour les mat\u00e9riaux en vrac<\/strong><br \/>\n<img loading=\"lazy\" decoding=\"async\" src=\"http:\/\/pyramide.excavationsallard.com\/wp-content\/uploads\/2016\/03\/vrac-tool.png\" alt=\"vrac-tool\" width=\"524\" height=\"318\" class=\"alignnone size-full wp-image-330\" \/><\/center><br \/>\nCet utilitaire permet de calculer le prix de vente du mat\u00e9riel en vrac. La valeur est \u00e9tablie selon les facteurs suivants:<\/p>\n<ul style=\"position: relative; top: -20px;\">\n<li>Distance entre le fournisseur et l&#8217;adresse de livraison<\/li>\n<li>Type de mat\u00e9riel<\/li>\n<li>Prix de vente du fournisseur<\/li>\n<li>Quantit\u00e9 de mat\u00e9riel \u00e0 livrer<\/li>\n<li>En p\u00e9riode de d\u00e9gel ou non<\/li>\n<li>Avec ou sans frais d&#8217;hiver<\/li>\n<\/ul>\n<p>La premi\u00e8re \u00e9tape est de trouver la distance. On s\u00e9lectionne le fournisseur d\u00e9sir\u00e9 dans la liste et l&#8217;on inscrit l&#8217;adresse de livraison le plus pr\u00e9cis\u00e9ment possible. En appuyant sur &#8220;Calculer Distance&#8221;, Google Maps va d\u00e9terminer la distance. Il est tr\u00e8s important de valider l&#8217;emplacement sur la carte affich\u00e9e en dessous!<br \/>\nApr\u00e8s avoir choisi le type d&#8217;\u00e9quipement \u00e0 livrer, on indique la quantit\u00e9 en tonnes. Par d\u00e9faut, le programme va calculer un poids minimum de 15 tonnes pour assurer le profit. Dans des cas exceptionnels, on peut obtenir un poids plus petit que 15 tonnes en d\u00e9cochant la case &#8220;minimum 15t&#8221;.<br \/>\nFinalement, selon la p\u00e9riode de l&#8217;ann\u00e9e, les frais de d\u00e9gel et\/ou d&#8217;hiver seront applicables ou non.<\/p>\n<div>&nbsp;<\/div>\n<div>&nbsp;<\/div>\n<div>&nbsp;<\/div>\n<p><center><\/p>\n<div id=\"vrac-adv\"><img loading=\"lazy\" decoding=\"async\" src=\"http:\/\/pyramide.excavationsallard.com\/wp-content\/uploads\/2016\/03\/vrac-adv-150x150.png\" alt=\"vrac-adv\" width=\"120\" height=\"120\" class=\"alignnone size-thumbnail wp-image-321\" \/><\/div>\n<p><strong>Calculateur de prix pour les mat\u00e9riaux en vrac avanc\u00e9<\/strong><br \/>\n<img loading=\"lazy\" decoding=\"async\" src=\"http:\/\/pyramide.excavationsallard.com\/wp-content\/uploads\/2016\/03\/vrac-adv-tool.png\" alt=\"vrac-adv-tool\" width=\"524\" height=\"318\" class=\"alignnone size-full wp-image-330\" \/><\/center><br \/>\nLa premi\u00e8re \u00e9tape est de trouver la distance. Il y a la possibilit\u00e9 de choisir un fournisseur enregistr\u00e9 dans la liste ou d&#8217;\u00e9crire une adresse personnalis\u00e9e. Une fois l&#8217;adresse de livraison inscrite, on appuie sur &#8220;Calculer Distance&#8221;. Il est tr\u00e8s important de valider les emplacements sur la carte affich\u00e9e en dessous!<br \/>\nPar la suite, il faut indiquer le prix \u00e0 la tonne que nous devrons payer au fournisseur et la quantit\u00e9 \u00e0 livrer.<br \/>\nSelon la p\u00e9riode de l&#8217;ann\u00e9e, les frais de d\u00e9gel et\/ou d&#8217;hiver seront applicables ou non. Finalement, il y a la redevance municipale et le profit (en $) \u00e0 indiquer.<\/p>\n<div>&nbsp;<\/div>\n<div>&nbsp;<\/div>\n<div>&nbsp;<\/div>\n<p><center><\/p>\n<div id=\"conv\"><img loading=\"lazy\" decoding=\"async\" src=\"http:\/\/pyramide.excavationsallard.com\/wp-content\/uploads\/2016\/03\/conv-150x150.png\" alt=\"conv\" width=\"120\" height=\"120\" class=\"alignnone size-thumbnail wp-image-321\" \/><\/div>\n<p><strong>Convertisseur d&#8217;unit\u00e9s de mesure<\/strong><br \/>\n<img loading=\"lazy\" decoding=\"async\" src=\"http:\/\/pyramide.excavationsallard.com\/wp-content\/uploads\/2016\/03\/conv-tool.png\" alt=\"conv-tool\" width=\"524\" height=\"318\" class=\"alignnone size-full wp-image-330\" \/><\/center><br \/>\nCet outil n&#8217;est en fait qu&#8217;un lien vers un site web externe permettant de convertir toutes sortes d&#8217;unit\u00e9s de mesure.<br \/>\nTypes d&#8217;unit\u00e9s support\u00e9s:<\/p>\n<ul style=\"position: relative; top: -20px;\">\n<li>Longueur<\/li>\n<li>Aire<\/li>\n<li>Volume<\/li>\n<li>Poids<\/li>\n<\/ul>\n<div>&nbsp;<\/div>\n<div>&nbsp;<\/div>\n<div>&nbsp;<\/div>\n<p><center><\/p>\n<div id=\"fourn\"><img loading=\"lazy\" decoding=\"async\" src=\"http:\/\/pyramide.excavationsallard.com\/wp-content\/uploads\/2016\/03\/fourn-150x150.png\" alt=\"fourn\" width=\"120\" height=\"120\" class=\"alignnone size-thumbnail wp-image-321\" \/><\/div>\n<p><strong>Liste de prix des fournisseurs de mat\u00e9riaux en vrac<\/strong><br \/>\n<img loading=\"lazy\" decoding=\"async\" src=\"http:\/\/pyramide.excavationsallard.com\/wp-content\/uploads\/2016\/03\/fourn-tool.png\" alt=\"fourn-tool\" width=\"524\" height=\"318\" class=\"alignnone size-full wp-image-330\" \/><\/center><br \/>\nIci, on peut choisir un fournisseur de mat\u00e9riel en vrac pour afficher la liste des produits disponibles avec les prix de chacun.<\/p>\n<div>&nbsp;<\/div>\n<div>&nbsp;<\/div>\n<div>&nbsp;<\/div>\n<p><center><\/p>\n<div id=\"calc\"><img loading=\"lazy\" decoding=\"async\" src=\"http:\/\/pyramide.excavationsallard.com\/wp-content\/uploads\/2016\/03\/calc-150x150.png\" alt=\"conv\" width=\"120\" height=\"120\" class=\"alignnone size-thumbnail wp-image-321\" \/><\/div>\n<p><strong>Formule math\u00e9matique<\/strong><br \/>\n<img loading=\"lazy\" decoding=\"async\" src=\"http:\/\/pyramide.excavationsallard.com\/wp-content\/uploads\/2016\/03\/calc-tool.png\" alt=\"calc-tool\" width=\"524\" height=\"318\" class=\"alignnone size-full wp-image-330\" \/><\/center><br \/>\nCette page est \u00e0 titre informatif: elle affiche la formule math\u00e9matique que les programmes vrac et vrac avanc\u00e9 utilisent pour arriver \u00e0 un prix final.<\/p>\n","protected":false},"excerpt":{"rendered":"<p>Outils de calcul Plusieurs outils ont \u00e9t\u00e9 mis en place pour aider les usagers \u00e0 obtenir prix et quantit\u00e9s quant aux mat\u00e9riaux en vrac. La pr\u00e9sente page explique le fonctionnement et l&#8217;utilisation de chacun: &nbsp;&nbsp;&nbsp;&nbsp;&nbsp;&nbsp;&nbsp;&nbsp;&nbsp;&nbsp;&nbsp;&nbsp;&nbsp;&nbsp;&nbsp;&nbsp;&nbsp;&nbsp;&nbsp;&nbsp;&nbsp;&nbsp;&nbsp;&nbsp;&nbsp;&nbsp;&nbsp;&nbsp;&nbsp;&nbsp;&nbsp;&nbsp;&nbsp;&nbsp;&nbsp;&nbsp;&nbsp;&nbsp;&nbsp;&nbsp;&nbsp;&nbsp;&nbsp;&nbsp;&nbsp;&nbsp;&nbsp;&nbsp;&nbsp;&nbsp;&nbsp;&nbsp;&nbsp;&nbsp;&nbsp;&nbsp;&nbsp;&nbsp;&nbsp;&nbsp; &nbsp; &nbsp; &nbsp; &nbsp; &nbsp; Convertisseur de volume en poids (tonne m\u00e9trique) Les trois zones de texte dans le haut [&hellip;]<\/p>\n","protected":false},"author":1,"featured_media":0,"parent":303,"menu_order":50,"comment_status":"closed","ping_status":"closed","template":"","meta":{"footnotes":""},"class_list":["post-308","page","type-page","status-publish","hentry"],"_links":{"self":[{"href":"https:\/\/pyramide.excavationsallard.com\/index.php?rest_route=\/wp\/v2\/pages\/308","targetHints":{"allow":["GET"]}}],"collection":[{"href":"https:\/\/pyramide.excavationsallard.com\/index.php?rest_route=\/wp\/v2\/pages"}],"about":[{"href":"https:\/\/pyramide.excavationsallard.com\/index.php?rest_route=\/wp\/v2\/types\/page"}],"author":[{"embeddable":true,"href":"https:\/\/pyramide.excavationsallard.com\/index.php?rest_route=\/wp\/v2\/users\/1"}],"replies":[{"embeddable":true,"href":"https:\/\/pyramide.excavationsallard.com\/index.php?rest_route=%2Fwp%2Fv2%2Fcomments&post=308"}],"version-history":[{"count":9,"href":"https:\/\/pyramide.excavationsallard.com\/index.php?rest_route=\/wp\/v2\/pages\/308\/revisions"}],"predecessor-version":[{"id":335,"href":"https:\/\/pyramide.excavationsallard.com\/index.php?rest_route=\/wp\/v2\/pages\/308\/revisions\/335"}],"up":[{"embeddable":true,"href":"https:\/\/pyramide.excavationsallard.com\/index.php?rest_route=\/wp\/v2\/pages\/303"}],"wp:attachment":[{"href":"https:\/\/pyramide.excavationsallard.com\/index.php?rest_route=%2Fwp%2Fv2%2Fmedia&parent=308"}],"curies":[{"name":"wp","href":"https:\/\/api.w.org\/{rel}","templated":true}]}}