{"id":336,"date":"2016-03-18T15:22:37","date_gmt":"2016-03-18T20:22:37","guid":{"rendered":"http:\/\/pyramide.excavationsallard.com\/?page_id=336"},"modified":"2016-03-21T10:09:33","modified_gmt":"2016-03-21T15:09:33","slug":"pierre","status":"publish","type":"page","link":"https:\/\/pyramide.excavationsallard.com\/?page_id=336","title":{"rendered":"Pierre"},"content":{"rendered":"<h1><span style=\"color: #26ad60;\">Vari\u00e9t\u00e9s de pierres<\/span><\/h1>\n<hr \/>\n<h5><strong>Liste des principales grosseurs de pierre en millim\u00e8tres et en pouces ainsi que leurs utilit\u00e9s courantes:<\/strong><\/h5>\n<ul>\n<li><strong>0-5mm, criblure<\/strong>\n<ul>\n<li>assise pour piscine<\/li>\n<li>couche de surface sur stationnements et trottoirs pour pav\u00e9-uni<\/li>\n<li>finition pour chemins p\u00e9destres<\/li>\n<\/ul>\n<\/li>\n<li><strong>0-20mm, 0-\u00be&#8221;<\/strong>\n<ul>\n<li>assise pour stationnements et trottoirs<\/li>\n<li>infrastructure de rue<\/li>\n<li>remblaiement de conduites sous-terraines<\/li>\n<li>rampe d&#8217;acc\u00e8s temporaire<\/li>\n<\/ul>\n<\/li>\n<li><strong>0-56mm, 0-2\u00bd&#8221;<\/strong>\n<ul>\n<li>couche de fond pour stationnements et trottoirs<br \/><span style=\"font-style: italic;\">utile lorsque le sol est instable<\/span><\/li>\n<li>rampe d&#8217;acc\u00e8s temporaire<\/li>\n<\/ul>\n<\/li>\n<div>&nbsp;<\/div>\n<li><strong>0-20mm, 0-\u00be&#8221; DB*<\/strong>\n<ul>\n<li>correction de fond d&#8217;excavation (sol sec ou humide)<\/li>\n<li>remplissage de courts anglaises<\/li>\n<li>assise pour dalles de b\u00e9ton<\/li>\n<\/ul>\n<\/li>\n<li><strong>10-20mm, \u00be&#8221; DB*<\/strong>\n<ul>\n<li>correction de fond d&#8217;excavation (sol satur\u00e9 en eau)<\/li>\n<li>drainage de sous-sol de b\u00e2timent<\/li>\n<li>assise de trottoirs de b\u00e9ton<\/li>\n<li>assise pour dalles de b\u00e9ton<\/li>\n<\/ul>\n<\/li>\n<div>&nbsp;<\/div>\n<li><strong>14-20mm, \u00be&#8221;<\/strong>\n<ul>\n<li>assise pour fond de tranch\u00e9e avec sol satur\u00e9 en eau<\/li>\n<li>tranch\u00e9e de drainage<\/li>\n<li>infrastructure d&#8217;\u00e9l\u00e9ments \u00e9purateurs<br \/><span style=\"font-style: italic;\">(installations sanitaires)<\/span><\/li>\n<li>infrastructure pour champs de polissage<br \/><span style=\"font-style: italic;\">(installation sanitaire)<\/span><\/li>\n<\/ul>\n<\/li>\n<li><strong>56-112mm, 2&#8243;-4&#8243;<\/strong>\n<ul>\n<li>Profilages de foss\u00e9s (fond et parois)<\/li>\n<li>stabilisation de terrain en pente o\u00f9 il y a \u00e9coulement d&#8217;eau<\/li>\n<li>couche de fond pour stationnements et chemins o\u00f9 le fond est tr\u00e8s instable<\/li>\n<\/ul>\n<\/li>\n<\/ul>\n<div>&nbsp;<\/div>\n<div>&nbsp;<\/div>\n<p>*La mention &#8220;DB&#8221; signifie &#8220;Dalle de B\u00e9ton&#8221;. Cela signifie que la pierre est certifi\u00e9e pour \u00eatre sans pyrite. La pyrite peut, avec le temps, gonfler et ainsi faire prendre de l&#8217;expansion \u00e0 la pierre. Cela peut avoir comme cons\u00e9quence de faire fissurer les dalles de b\u00e9ton ou les fondations de b\u00e2timent. Donc, chaque fois qu&#8217;il y a de la pierre \u00e0 niveler sous une structure de b\u00e9ton, elle doit avoir la mention &#8220;DB&#8221;.<\/p>\n","protected":false},"excerpt":{"rendered":"<p>Vari\u00e9t\u00e9s de pierres Liste des principales grosseurs de pierre en millim\u00e8tres et en pouces ainsi que leurs utilit\u00e9s courantes: 0-5mm, criblure assise pour piscine couche de surface sur stationnements et trottoirs pour pav\u00e9-uni finition pour chemins p\u00e9destres 0-20mm, 0-\u00be&#8221; assise pour stationnements et trottoirs infrastructure de rue remblaiement de conduites sous-terraines rampe d&#8217;acc\u00e8s temporaire 0-56mm, [&hellip;]<\/p>\n","protected":false},"author":1,"featured_media":0,"parent":303,"menu_order":10,"comment_status":"closed","ping_status":"closed","template":"","meta":{"footnotes":""},"class_list":["post-336","page","type-page","status-publish","hentry"],"_links":{"self":[{"href":"https:\/\/pyramide.excavationsallard.com\/index.php?rest_route=\/wp\/v2\/pages\/336","targetHints":{"allow":["GET"]}}],"collection":[{"href":"https:\/\/pyramide.excavationsallard.com\/index.php?rest_route=\/wp\/v2\/pages"}],"about":[{"href":"https:\/\/pyramide.excavationsallard.com\/index.php?rest_route=\/wp\/v2\/types\/page"}],"author":[{"embeddable":true,"href":"https:\/\/pyramide.excavationsallard.com\/index.php?rest_route=\/wp\/v2\/users\/1"}],"replies":[{"embeddable":true,"href":"https:\/\/pyramide.excavationsallard.com\/index.php?rest_route=%2Fwp%2Fv2%2Fcomments&post=336"}],"version-history":[{"count":5,"href":"https:\/\/pyramide.excavationsallard.com\/index.php?rest_route=\/wp\/v2\/pages\/336\/revisions"}],"predecessor-version":[{"id":342,"href":"https:\/\/pyramide.excavationsallard.com\/index.php?rest_route=\/wp\/v2\/pages\/336\/revisions\/342"}],"up":[{"embeddable":true,"href":"https:\/\/pyramide.excavationsallard.com\/index.php?rest_route=\/wp\/v2\/pages\/303"}],"wp:attachment":[{"href":"https:\/\/pyramide.excavationsallard.com\/index.php?rest_route=%2Fwp%2Fv2%2Fmedia&parent=336"}],"curies":[{"name":"wp","href":"https:\/\/api.w.org\/{rel}","templated":true}]}}