{"id":343,"date":"2016-03-21T10:38:13","date_gmt":"2016-03-21T15:38:13","guid":{"rendered":"http:\/\/pyramide.excavationsallard.com\/?page_id=343"},"modified":"2016-03-21T12:24:17","modified_gmt":"2016-03-21T17:24:17","slug":"sable","status":"publish","type":"page","link":"https:\/\/pyramide.excavationsallard.com\/?page_id=343","title":{"rendered":"Sable"},"content":{"rendered":"<h1><span style=\"color: #26ad60;\">Vari\u00e9t\u00e9s de Sable<\/span><\/h1>\n<hr \/>\n<h5><strong>Liste des principales sortes de sable ainsi que leurs utilit\u00e9s courantes:<\/strong><\/h5>\n<ul>\n<li><strong>Classe \u00abA\u00bb<\/strong><br \/>Commun\u00e9ment appel\u00e9: &#8220;beau sable&#8221;, &#8220;sable \u00e0 compaction&#8221;, &#8220;sable fin&#8221;.<br \/>Le sable de classe \u00abA\u00bb est le type de sable le plus populaire. La classe \u00abA\u00bb signifie qu&#8217;il est pur; sans mati\u00e8re \u00e9trang\u00e8re comme: argile, pierre, v\u00e9g\u00e9taux, etc. Sa granulom\u00e9trie tr\u00e8s fine permet une compaction \u00e0 un niveau \u00e9lev\u00e9.\n<ul>\n<li>correction de fond d&#8217;excavation (sol sec ou humide)<\/li>\n<li>remplissage de garage<\/li>\n<li>assise pour dalle de b\u00e9ton<\/li>\n<li>infrastructure d&#8217;\u00e9l\u00e9ments \u00e9purateurs<br \/><span style=\"font-style: italic;\">(installations sanitaires)<\/span><\/li>\n<li>remplissage de tranch\u00e9es d&#8217;excavation<\/li>\n<li>remblaiement de conduites sous-terraines<\/li>\n<li>couche de fond pour stationnements et trottoirs<\/li>\n<\/ul>\n<\/li>\n<li><strong>Classe \u00abB\u00bb<\/strong><br \/>Commun\u00e9ment appel\u00e9: &#8220;sable \u00e0 compaction&#8221;, &#8220;sable fin&#8221;.<br \/>Le sable de classe \u00abB\u00bb d\u00e9tient les m\u00eames propri\u00e9t\u00e9s que le \u00abA\u00bb mais n&#8217;est pas garantie quant \u00e0 sa puret\u00e9; il peut y avoir r\u00e9sidus de mati\u00e8re \u00e9trang\u00e8re.\n<ul>\n<li>remplissage de tranch\u00e9es d&#8217;excavation<\/li>\n<li>remblaiement de tranch\u00e9es sous-terraines<\/li>\n<li>couche de fond pour stationnements et trottoirs<\/li>\n<li>remblaiement de fondations de b\u00e2timents<\/li>\n<li>remblaiement des installations sanitaires<\/li>\n<li>remplissage de terrains dont le niveau doit \u00eatre sur\u00e9lev\u00e9<\/li>\n<li>canalisation de foss\u00e9s<\/li>\n<\/ul>\n<\/li>\n<li><strong>Tout-usage<\/strong><br \/>Fournisseur majoritaire: Sables Thouin.<br \/>La caract\u00e9ristique principale de ce sable rare est la grosseur \u00e9lev\u00e9e de son grain. L&#8217;eau s&#8217;y infiltre tr\u00e8s rapidement. En contrepartie, sont niveau de compaction est presque nul.\n<ul>\n<li>infrastructure d&#8217;\u00e9l\u00e9ments \u00e9purateurs de type modifi\u00e9<br \/><span style=\"font-style: italic;\">(installations sanitaires)<\/span><\/li>\n<li>infrastructure de champs de polissage<br \/><span style=\"font-style: italic;\">(installations sanitaires)<\/span><\/li>\n<\/ul>\n<\/li>\n<li><strong>Q2-R22<\/strong><br \/>Commun\u00e9ment appel\u00e9: &#8220;Q2-R8&#8221;, &#8220;Enviro-septique&#8221;.<br \/>Fournisseur majoritaire: Sables Thouin.<br \/>La granulom\u00e9trie de ce sable grossier est certifi\u00e9e par le BNQ (Bureau de Normalisation du Qu\u00e9bec) pour les installations sanitaires.\n<ul>\n<li>infrastructure d&#8217;\u00e9l\u00e9ments \u00e9purateurs de type hors sol<\/li>\n<li>infrastructure d&#8217;\u00e9l\u00e9ments \u00e9purateurs de type classique<\/li>\n<li>syst\u00e8me de traitement tertiaire FDi de Premier Tech<\/li>\n<\/ul>\n<\/li>\n<\/ul>\n","protected":false},"excerpt":{"rendered":"<p>Vari\u00e9t\u00e9s de Sable Liste des principales sortes de sable ainsi que leurs utilit\u00e9s courantes: Classe \u00abA\u00bbCommun\u00e9ment appel\u00e9: &#8220;beau sable&#8221;, &#8220;sable \u00e0 compaction&#8221;, &#8220;sable fin&#8221;.Le sable de classe \u00abA\u00bb est le type de sable le plus populaire. La classe \u00abA\u00bb signifie qu&#8217;il est pur; sans mati\u00e8re \u00e9trang\u00e8re comme: argile, pierre, v\u00e9g\u00e9taux, etc. Sa granulom\u00e9trie tr\u00e8s fine [&hellip;]<\/p>\n","protected":false},"author":1,"featured_media":0,"parent":303,"menu_order":20,"comment_status":"closed","ping_status":"closed","template":"","meta":{"footnotes":""},"class_list":["post-343","page","type-page","status-publish","hentry"],"_links":{"self":[{"href":"https:\/\/pyramide.excavationsallard.com\/index.php?rest_route=\/wp\/v2\/pages\/343","targetHints":{"allow":["GET"]}}],"collection":[{"href":"https:\/\/pyramide.excavationsallard.com\/index.php?rest_route=\/wp\/v2\/pages"}],"about":[{"href":"https:\/\/pyramide.excavationsallard.com\/index.php?rest_route=\/wp\/v2\/types\/page"}],"author":[{"embeddable":true,"href":"https:\/\/pyramide.excavationsallard.com\/index.php?rest_route=\/wp\/v2\/users\/1"}],"replies":[{"embeddable":true,"href":"https:\/\/pyramide.excavationsallard.com\/index.php?rest_route=%2Fwp%2Fv2%2Fcomments&post=343"}],"version-history":[{"count":3,"href":"https:\/\/pyramide.excavationsallard.com\/index.php?rest_route=\/wp\/v2\/pages\/343\/revisions"}],"predecessor-version":[{"id":353,"href":"https:\/\/pyramide.excavationsallard.com\/index.php?rest_route=\/wp\/v2\/pages\/343\/revisions\/353"}],"up":[{"embeddable":true,"href":"https:\/\/pyramide.excavationsallard.com\/index.php?rest_route=\/wp\/v2\/pages\/303"}],"wp:attachment":[{"href":"https:\/\/pyramide.excavationsallard.com\/index.php?rest_route=%2Fwp%2Fv2%2Fmedia&parent=343"}],"curies":[{"name":"wp","href":"https:\/\/api.w.org\/{rel}","templated":true}]}}