{"id":356,"date":"2016-03-21T13:40:56","date_gmt":"2016-03-21T18:40:56","guid":{"rendered":"http:\/\/pyramide.excavationsallard.com\/?page_id=356"},"modified":"2016-03-21T14:40:54","modified_gmt":"2016-03-21T19:40:54","slug":"autre","status":"publish","type":"page","link":"https:\/\/pyramide.excavationsallard.com\/?page_id=356","title":{"rendered":"Autre"},"content":{"rendered":"<h1><span style=\"color: #26ad60;\">Autres mat\u00e9riaux en vrac<\/span><\/h1>\n<hr \/>\n<h5><strong>Mat\u00e9riaux divers<\/strong><\/h5>\n<p><strong>Terre v\u00e9g\u00e9tale<\/strong><br \/>\nCommun\u00e9ment appel\u00e9: &#8220;top soil&#8221;, &#8220;terre m\u00e9lang\u00e9e&#8221;, &#8220;terre \u00e0 gazon&#8221;, &#8220;terre \u00e0 jardin&#8221;, &#8220;terreau&#8221;.<br \/>\nLe top soil est parfait pour les jardins, les platebandes ou la tourbe. Nous en livrons sur commande ou \u00e0 la fin d&#8217;un projet &#8220;cl\u00e9 en main&#8221;. Parfois, lors de travaux de r\u00e9novation, les clients souhaitent que l&#8217;\u00e9tat de leur terrain soit restaur\u00e9. Nous apportons donc de la terre v\u00e9g\u00e9tale que nous nivelons afin qu&#8217;il ne reste que la tourbe \u00e0 semer.<\/p>\n<p><strong>Asphalte<\/strong><br \/>\nLorsque nous devons effectuer un raccordement sur une conduite principale sous la chauss\u00e9e, une coupe d&#8217;asphalte est n\u00e9cessaire. Certaines municipalit\u00e9s exigent que ce soit l&#8217;entrepreneur en excavation qui effectue la r\u00e9fection du pavage suite aux travaux. Dans ces cas, un camionneur se rend chez un fournisseur qui produit du nouvel asphalte pour charger et livrer la quantit\u00e9 calcul\u00e9e. Une fois sur place, l&#8217;asphalte est nivel\u00e9 \u00e0 la main et compact\u00e9 au rouleau.<\/p>\n<p><strong>Roche dynamit\u00e9e<\/strong><br \/>\nCertains clients veulent compl\u00e9ter l&#8217;am\u00e9nagement de leur terrain avec des murets en pierre naturelle. Avec une permission sp\u00e9ciale, nous pouvons nous rendre chez Carri\u00e8re TNT avec notre propre pelle m\u00e9canique pour charger des roches dynamit\u00e9es dans nos camions. Bien entendu, le client doit \u00eatre en moyen!<\/p>\n","protected":false},"excerpt":{"rendered":"<p>Autres mat\u00e9riaux en vrac Mat\u00e9riaux divers Terre v\u00e9g\u00e9tale Commun\u00e9ment appel\u00e9: &#8220;top soil&#8221;, &#8220;terre m\u00e9lang\u00e9e&#8221;, &#8220;terre \u00e0 gazon&#8221;, &#8220;terre \u00e0 jardin&#8221;, &#8220;terreau&#8221;. Le top soil est parfait pour les jardins, les platebandes ou la tourbe. Nous en livrons sur commande ou \u00e0 la fin d&#8217;un projet &#8220;cl\u00e9 en main&#8221;. Parfois, lors de travaux de r\u00e9novation, les [&hellip;]<\/p>\n","protected":false},"author":1,"featured_media":0,"parent":303,"menu_order":40,"comment_status":"closed","ping_status":"closed","template":"","meta":{"footnotes":""},"class_list":["post-356","page","type-page","status-publish","hentry"],"_links":{"self":[{"href":"https:\/\/pyramide.excavationsallard.com\/index.php?rest_route=\/wp\/v2\/pages\/356","targetHints":{"allow":["GET"]}}],"collection":[{"href":"https:\/\/pyramide.excavationsallard.com\/index.php?rest_route=\/wp\/v2\/pages"}],"about":[{"href":"https:\/\/pyramide.excavationsallard.com\/index.php?rest_route=\/wp\/v2\/types\/page"}],"author":[{"embeddable":true,"href":"https:\/\/pyramide.excavationsallard.com\/index.php?rest_route=\/wp\/v2\/users\/1"}],"replies":[{"embeddable":true,"href":"https:\/\/pyramide.excavationsallard.com\/index.php?rest_route=%2Fwp%2Fv2%2Fcomments&post=356"}],"version-history":[{"count":3,"href":"https:\/\/pyramide.excavationsallard.com\/index.php?rest_route=\/wp\/v2\/pages\/356\/revisions"}],"predecessor-version":[{"id":360,"href":"https:\/\/pyramide.excavationsallard.com\/index.php?rest_route=\/wp\/v2\/pages\/356\/revisions\/360"}],"up":[{"embeddable":true,"href":"https:\/\/pyramide.excavationsallard.com\/index.php?rest_route=\/wp\/v2\/pages\/303"}],"wp:attachment":[{"href":"https:\/\/pyramide.excavationsallard.com\/index.php?rest_route=%2Fwp%2Fv2%2Fmedia&parent=356"}],"curies":[{"name":"wp","href":"https:\/\/api.w.org\/{rel}","templated":true}]}}