{"id":375,"date":"2016-06-21T09:46:23","date_gmt":"2016-06-21T14:46:23","guid":{"rendered":"http:\/\/pyramide.excavationsallard.com\/?page_id=375"},"modified":"2016-06-21T11:49:49","modified_gmt":"2016-06-21T16:49:49","slug":"calcul-de-quantite","status":"publish","type":"page","link":"https:\/\/pyramide.excavationsallard.com\/?page_id=375","title":{"rendered":"Calcul de quantit\u00e9"},"content":{"rendered":"<h1><span style=\"color: #26ad60;\">Calcul de quantit\u00e9<\/span><\/h1>\n<hr \/>\n<p>Pour obtenir une quantit\u00e9 de mat\u00e9riel en fonction d&#8217;un volume donn\u00e9, il y a 4 \u00e9tapes simples \u00e0 suivre. Il faut noter que les r\u00e9sultats ne sont pas absolus; le manque de pr\u00e9cision peut varier selon quelques facteurs:<\/p>\n<ul style=\"position: relative; top: -20px;\">\n<li><b>Pr\u00e9cision de l&#8217;excavation \u00e0 combler:<\/b>la superficie r\u00e9elle peut \u00eatre l\u00e9g\u00e8rement plus grande ou plus petite que celle calcul\u00e9e<\/li>\n<li><b>Tau d&#8217;humidit\u00e9:<\/b>Un niveau d&#8217;humidit\u00e9 \u00e9lev\u00e9 fait augmenter la masse volumique du produit sans influencer le volume. \u00c0 l&#8217;inverse, du mat\u00e9riel sec est plus l\u00e9ger; il faudrait donc un poids plus faible pour remplir la m\u00eame excavation.<\/li>\n<li><b>Pr\u00e9cision du coefficient:<\/b>les coefficients pr\u00e9sent\u00e9s \u00e0 la 4e \u00e9tape sont bas\u00e9s sur l&#8217;exp\u00e9rience d&#8217;utilisation. Il se peut donc qu&#8217;ils ne soient pas tout \u00e0 fait exacts.<\/li>\n<\/ul>\n<h2><b>1. Calculer la superficie<\/b><\/h2>\n<p><center><img loading=\"lazy\" decoding=\"async\" src=\"http:\/\/pyramide.excavationsallard.com\/wp-content\/uploads\/2016\/06\/Superficie_1.png\" width=\"500\" height=\"288\" class=\"alignnone size-full wp-image-387\" \/><\/center><br \/>\nLa superficie \u00e0 remplir n&#8217;est pas toujours sous forme rectangulaire. Dans ces cas, il faut s\u00e9parer l&#8217;espace de fa\u00e7on \u00e0 obtenir plusieurs rectangles. Dans l&#8217;exemple ci-dessus, l&#8217;espace est divis\u00e9 en deux. On obtient donc l&#8217;aire totale en calculant:<br \/>\nEn pieds:<b>(12&#215;25) + (30&#215;15) = 750p<sup>2<\/sup><\/b><br \/>\nEn m\u00e8tres:<b>(3.66&#215;7.62) + (9.14&#215;4.57) = 69.66m<sup>2<\/sup><\/b><\/p>\n<p>Dans le cas d&#8217;un cercle, il faut utiliser la formule suivante: <b> 3.1416 x rayon<sup>2<\/sup><\/b><\/p>\n<h2><b>2. Calculer le volume<\/b><\/h2>\n<p>C&#8217;est avec l&#8217;\u00e9paisseur du mat\u00e9riel qu&#8217;on obtient le volume. Normalement, les mesures fournies pour la superficie sont en pieds ou en m\u00e8tre. L&#8217;\u00e9paisseur par contre, peut \u00eatre donn\u00e9e en pouce ou centim\u00e8tre. Il est donc important de convertir les unit\u00e9s pour qu&#8217;ils soient tous les m\u00eames.<br \/>\nDans l&#8217;exemple ci-haut, nous voulons niveler 8&#8243; d&#8217;\u00e9pais. Puiqu&#8217;il y a 12 pouces dans un pied, on va multiplier l&#8217;aire par le nombre de pouces et ensuite diviser le r\u00e9sultat par 12 pour convertir le tout en pieds cubes:<br \/>\n<b>(750&#215;8) \u00f7 12 = 500p<sup>3<\/sup><\/b><\/p>\n<p>De la m\u00eame fa\u00e7on, si la superficie donn\u00e9e est en m\u00e8tres, mais que l&#8217;\u00e9paisseur est en centim\u00e8tre, il faudra multiplier la superficie par l&#8217;\u00e9paisseur et diviser le r\u00e9sultat par 100:<br \/>\n<b>(69.66&#215;20.32) \u00f7 100 = 14.15m<sup>3<\/sup><\/b><\/p>\n<h2><b>3. Conversion en verges cube<\/b><\/h2>\n<p>Afin d&#8217;obtenir le poids, le volume est d&#8217;abord converti en verges cubes:<br \/>\nVolume en pieds:<b>500 \u00f7 27 = 18.52v<sup>3<\/sup><\/b><br \/>\nVolume en m\u00e8tre:<b>14.15 x 1.308 = 18.51v<sup>3<\/sup><\/b><\/p>\n<h2><b>4. Conversion en tonnes<\/b><\/h2>\n<p>Selon le type de mat\u00e9riel, la masse volumique ne sera pas la m\u00eame. Par exemple, un cube de 1 m\u00e8tre de sable n&#8217;aura pas le m\u00eame poids qu&#8217;un m\u00eame cube de terre v\u00e9g\u00e9tale. Pour cette raison, chaque vari\u00e9t\u00e9 de produits a son propre coefficient de conversion. Pour l&#8217;obtention du poids final en tonnes m\u00e9triques, il faut multiplier le volume en verges par le coefficient du mat\u00e9riel choisi:<\/p>\n<table style=\"width: 1px; white-space: nowrap;\">\n<tr align=\"center\">\n<td><b>Mat\u00e9riel<\/b><\/td>\n<td><b>Volume<\/b><\/td>\n<td><b>Coefficient<\/b><\/td>\n<td><b>Tonnes<\/b><\/td>\n<\/tr>\n<p><\/b><\/p>\n<tr>\n<td>Terre v\u00e9g\u00e9tale<\/td>\n<td>18.52<\/td>\n<td>1.1<\/td>\n<td>20.37<\/td>\n<\/tr>\n<tr>\n<td>Sable<\/td>\n<td>18.52<\/td>\n<td>1.2<\/td>\n<td>22.22<\/td>\n<\/tr>\n<tr>\n<td>Sable Thouin<\/td>\n<td>18.52<\/td>\n<td>1.25<\/td>\n<td>23.15<\/td>\n<\/tr>\n<tr>\n<td>Pierre 3\/4<\/td>\n<td>18.52<\/td>\n<td>1.3<\/td>\n<td>24.08<\/td>\n<\/tr>\n<tr>\n<td>Pierre 2-4<\/td>\n<td>18.52<\/td>\n<td>1.3<\/td>\n<td>24.08<\/td>\n<\/tr>\n<tr>\n<td>Pierre 0-3\/4<\/td>\n<td>18.52<\/td>\n<td>1.7<\/td>\n<td>31.48<\/td>\n<\/tr>\n<tr>\n<td>Pierre 0-2.5<\/td>\n<td>18.52<\/td>\n<td>1.7<\/td>\n<td>31.48<\/td>\n<\/tr>\n<tr>\n<td>Argile<\/td>\n<td>18.52<\/td>\n<td>1.8<\/td>\n<td>33.34<\/td>\n<\/tr>\n<tr>\n<td>Criblure<\/td>\n<td>18.52<\/td>\n<td>2.1<\/td>\n<td>38.89<\/td>\n<\/tr>\n<tr>\n<td>Asphalte<\/td>\n<td>18.52<\/td>\n<td>2.5<\/td>\n<td>46.30<\/td>\n<\/tr>\n<\/table>\n","protected":false},"excerpt":{"rendered":"<p>Calcul de quantit\u00e9 Pour obtenir une quantit\u00e9 de mat\u00e9riel en fonction d&#8217;un volume donn\u00e9, il y a 4 \u00e9tapes simples \u00e0 suivre. Il faut noter que les r\u00e9sultats ne sont pas absolus; le manque de pr\u00e9cision peut varier selon quelques facteurs: Pr\u00e9cision de l&#8217;excavation \u00e0 combler:la superficie r\u00e9elle peut \u00eatre l\u00e9g\u00e8rement plus grande ou plus [&hellip;]<\/p>\n","protected":false},"author":1,"featured_media":0,"parent":31,"menu_order":20,"comment_status":"closed","ping_status":"closed","template":"","meta":{"footnotes":""},"class_list":["post-375","page","type-page","status-publish","hentry"],"_links":{"self":[{"href":"https:\/\/pyramide.excavationsallard.com\/index.php?rest_route=\/wp\/v2\/pages\/375","targetHints":{"allow":["GET"]}}],"collection":[{"href":"https:\/\/pyramide.excavationsallard.com\/index.php?rest_route=\/wp\/v2\/pages"}],"about":[{"href":"https:\/\/pyramide.excavationsallard.com\/index.php?rest_route=\/wp\/v2\/types\/page"}],"author":[{"embeddable":true,"href":"https:\/\/pyramide.excavationsallard.com\/index.php?rest_route=\/wp\/v2\/users\/1"}],"replies":[{"embeddable":true,"href":"https:\/\/pyramide.excavationsallard.com\/index.php?rest_route=%2Fwp%2Fv2%2Fcomments&post=375"}],"version-history":[{"count":32,"href":"https:\/\/pyramide.excavationsallard.com\/index.php?rest_route=\/wp\/v2\/pages\/375\/revisions"}],"predecessor-version":[{"id":413,"href":"https:\/\/pyramide.excavationsallard.com\/index.php?rest_route=\/wp\/v2\/pages\/375\/revisions\/413"}],"up":[{"embeddable":true,"href":"https:\/\/pyramide.excavationsallard.com\/index.php?rest_route=\/wp\/v2\/pages\/31"}],"wp:attachment":[{"href":"https:\/\/pyramide.excavationsallard.com\/index.php?rest_route=%2Fwp%2Fv2%2Fmedia&parent=375"}],"curies":[{"name":"wp","href":"https:\/\/api.w.org\/{rel}","templated":true}]}}