{"id":65,"date":"2016-02-02T21:16:26","date_gmt":"2016-02-02T21:16:26","guid":{"rendered":"http:\/\/pyramide.excavationsallard.com\/?page_id=65"},"modified":"2016-03-12T12:36:43","modified_gmt":"2016-03-12T17:36:43","slug":"reception-telephonique","status":"publish","type":"page","link":"https:\/\/pyramide.excavationsallard.com\/?page_id=65","title":{"rendered":"R\u00e9ception t\u00e9l\u00e9phonique"},"content":{"rendered":"<h1><span style=\"color: #26ad60;\">R\u00e9ception t\u00e9l\u00e9phonique<\/span><\/h1>\n<hr \/>\n<p><strong>R\u00e9ception t\u00e9l\u00e9phonique<\/strong><br \/>\nHeures de disponibilit\u00e9: 8h \u00e0 17h (incluant l&#8217;heure du diner)<br \/>\nToutes informations \u00e0 ne pas oublier\u00a0doivent \u00eatre <span style=\"text-decoration: underline;\">enregistr\u00e9es dans le journal.<\/span><br \/>\nBien entendu, en toute circonstance, un service courtois et respectueux doit \u00eatre offert. Les appelants doivent se sentir importants pour nous.<\/p>\n<p>Selon le type de demande, le client devra fournir des plans ou documents divers. <a href=\"http:\/\/pyramide.excavationsallard.com\/?page_id=122\">Que dois-je demander?<\/a><\/p>\n<p><strong>Traitement des messages vocaux<\/strong><br \/>\nDans le cas o\u00f9 un appelant requiert un retour d&#8217;appel, le r\u00e9ceptionniste doit effectuer un retour d&#8217;appel rapide pour donner conseil. Sinon, aviser le requ\u00e9rant qu&#8217;un responsable fera un retour d&#8217;appel.<br \/>\nToutes informations devant \u00eatre communiqu\u00e9es ou sauvegard\u00e9es doivent \u00eatre enregistr\u00e9es dans le journal.<\/p>\n","protected":false},"excerpt":{"rendered":"<p>R\u00e9ception t\u00e9l\u00e9phonique R\u00e9ception t\u00e9l\u00e9phonique Heures de disponibilit\u00e9: 8h \u00e0 17h (incluant l&#8217;heure du diner) Toutes informations \u00e0 ne pas oublier\u00a0doivent \u00eatre enregistr\u00e9es dans le journal. Bien entendu, en toute circonstance, un service courtois et respectueux doit \u00eatre offert. Les appelants doivent se sentir importants pour nous. Selon le type de demande, le client devra fournir [&hellip;]<\/p>\n","protected":false},"author":1,"featured_media":0,"parent":46,"menu_order":10,"comment_status":"closed","ping_status":"closed","template":"","meta":{"footnotes":""},"class_list":["post-65","page","type-page","status-publish","hentry"],"_links":{"self":[{"href":"https:\/\/pyramide.excavationsallard.com\/index.php?rest_route=\/wp\/v2\/pages\/65","targetHints":{"allow":["GET"]}}],"collection":[{"href":"https:\/\/pyramide.excavationsallard.com\/index.php?rest_route=\/wp\/v2\/pages"}],"about":[{"href":"https:\/\/pyramide.excavationsallard.com\/index.php?rest_route=\/wp\/v2\/types\/page"}],"author":[{"embeddable":true,"href":"https:\/\/pyramide.excavationsallard.com\/index.php?rest_route=\/wp\/v2\/users\/1"}],"replies":[{"embeddable":true,"href":"https:\/\/pyramide.excavationsallard.com\/index.php?rest_route=%2Fwp%2Fv2%2Fcomments&post=65"}],"version-history":[{"count":18,"href":"https:\/\/pyramide.excavationsallard.com\/index.php?rest_route=\/wp\/v2\/pages\/65\/revisions"}],"predecessor-version":[{"id":301,"href":"https:\/\/pyramide.excavationsallard.com\/index.php?rest_route=\/wp\/v2\/pages\/65\/revisions\/301"}],"up":[{"embeddable":true,"href":"https:\/\/pyramide.excavationsallard.com\/index.php?rest_route=\/wp\/v2\/pages\/46"}],"wp:attachment":[{"href":"https:\/\/pyramide.excavationsallard.com\/index.php?rest_route=%2Fwp%2Fv2%2Fmedia&parent=65"}],"curies":[{"name":"wp","href":"https:\/\/api.w.org\/{rel}","templated":true}]}}