{"id":81,"date":"2016-02-02T23:05:27","date_gmt":"2016-02-02T23:05:27","guid":{"rendered":"http:\/\/pyramide.excavationsallard.com\/?page_id=81"},"modified":"2016-03-01T17:03:53","modified_gmt":"2016-03-01T22:03:53","slug":"gestion-des-feuilles-de-temps","status":"publish","type":"page","link":"https:\/\/pyramide.excavationsallard.com\/?page_id=81","title":{"rendered":"Gestion des feuilles de temps"},"content":{"rendered":"<h1><span style=\"color: #26ad60;\">Gestion des feuilles de temps<\/span><\/h1>\n<hr class=\"myhr\" \/>\n<p>La gestion des feuilles de temps est l&#8217;une des t\u00e2ches les plus d\u00e9licate et importante. C&#8217;est le lien entre les ouvriers et le bureau, le support sur lequel s&#8217;appuie le processus de facturation. Tous les ouvriers inscrivent quotidiennement le d\u00e9tail des heures travaill\u00e9es, ainsi que le mat\u00e9riel utilis\u00e9 sur les chantiers. L&#8217;individu en charge de la gestion des feuilles de temps, \u00e9tabli un contr\u00f4le sur l&#8217;entr\u00e9e d&#8217;informations dans Gestio; elle assure la v\u00e9racit\u00e9 et la constance dans le flux d&#8217;informations. Il doit se d\u00e9velopper une routine d&#8217;ex\u00e9cution qui englobe toutes les v\u00e9rifications.<\/p>\n<p><strong>R\u00e9vision des feuilles<\/strong><br \/>\nAvant m\u00eame d&#8217;entrer dans Gestio, prendre tous les dossiers papier des employ\u00e9s pour recueillir les <a href=\"http:\/\/pyramide.excavationsallard.com\/?page_id=263\">bons et factures<\/a>.<\/p>\n<p>Chaque employ\u00e9 est tenu de fournir sa feuille quotidiennement, mais l&#8217;exception arrive toujours. Avant donc d&#8217;entrer dans les feuilles, il faut s&#8217;assurer que chaque employ\u00e9 a inscrit sa feuille. Contacter les ouvriers dont la feuille est manquante pour en conna\u00eetre la raison. Si, apr\u00e8s un d\u00e9lais de 48h, un employ\u00e9 n&#8217;a toujours pas remis sa feuille, avertir un responsable. V\u00e9rifier la date des feuilles par la m\u00eame occasion; les employ\u00e9s peuvent oublier d&#8217;en ajuster la date.<br \/>\n<em>*Astuce: En appliquant le filtre pour les feuilles non-approuv\u00e9es, on obtient une liste claire des feuilles \u00e0 traiter.<\/em><\/p>\n<p>La gestion des feuilles de temps requiert un suivi serr\u00e9 avec le d\u00e9roulement des chantiers. La personne en charge ne doit donc pas seulement approuver les feuilles, mais doit les \u00e9tudier pour avoir une connaissance du d\u00e9roulement des chantiers.<br \/>\n<em>*Astuce: Pour une meilleur compr\u00e9hension, traiter les feuilles d&#8217;op\u00e9rateur d&#8217;abord, les feuilles des manoeuvres, puis les feuilles des cammionneurs en dernier.<\/em><\/p>\n<p>Dans le cas o\u00f9 un chantier aurait d\u00e9but\u00e9 avant que le client et\/ou le projet ne soit ouvert dans Gestio, les ouvriers sont tenu d&#8217;ouvrir un bloc interne et d&#8217;y inscrire les informations. Dans ce cas l&#8217;individu en charge doit contacter un responsable pour obtenir les informations n\u00e9cessaires pour ouvrir le client et\/ou le projet. Ensuite, les blocs internes concern\u00e9s doivent \u00eatre transf\u00e9r\u00e9s dans des blocs clients.<\/p>\n<p>Si des t\u00e2ches ont \u00e9t\u00e9 ajout\u00e9es \u00e0 un projet &#8220;pr\u00eat \u00e0 facturer&#8221;, une inscription en rouge appara\u00eet. Dans ce cas il faut voir si les t\u00e2ches sont dans le bon projet. Si oui, faut-il les joindre \u00e0 une facture existante ou une nouvelle facture sera faite \u00e9ventuellement?<\/p>\n<p>\u00c0 moins d&#8217;indications contraires, s&#8217;assurer d&#8217;avoir une copie sign\u00e9e de toutes les soumissions dont le projet d\u00e9bute.<\/p>\n<p>Normalement, les responsables sont tenu d&#8217;indiquer sur leurs feuilles de temps si des projets sont pr\u00eats \u00e0 facturer. Dans ces cas, l&#8217;indicateur de progression des projets concern\u00e9s doivent \u00eatre mis \u00e0 jour.<\/p>\n<p>\u00c0 traiter dans les feuilles de temps d&#8217;op\u00e9rateur et manoeuvre:<\/p>\n<ul style=\"position: relative; top: -20px;\">\n<li>Le cumulatif des heures correspond-t-il? Doit \u00eatre \u00e0 0 sur le total.<\/li>\n<li>Les heures d\u00e9clar\u00e9es \u00e0 l&#8217;interne doivent respecter la <a href=\"http:\/\/pyramide.excavationsallard.com\/?page_id=250\">politique de d\u00e9claration des feuilles de temps<\/a><\/li>\n<li>V\u00e9rifier que les clients et projets inscrit sont les bons<br \/>\n<em>*Astuce: cliquer sur le bouton \u00abi\u00bb \u00e0 c\u00f4t\u00e9 du choix de projet pour afficher d\u00e9roulement complet du projet<\/em><\/li>\n<li>Approuver et enregistrer la feuille<\/li>\n<\/ul>\n<p>\u00c0 traiter dans les feuilles de temps camionneur:<\/p>\n<ul style=\"position: relative; top: -20px;\">\n<li>Le cumulatif des heures correspond-t-il? Doit \u00eatre \u00e0 0 sur le total.<\/li>\n<li>Les heures d\u00e9clar\u00e9es \u00e0 l&#8217;interne doivent respecter la <a href=\"http:\/\/pyramide.excavationsallard.com\/?page_id=250\">politique de d\u00e9claration des feuilles de temps<\/a><\/li>\n<li>V\u00e9rifier que les clients et projets inscrit sont les bons<br \/>\n<em>*Astuce: cliquer sur le bouton \u00abi\u00bb \u00e0 c\u00f4t\u00e9 du choix de projet pour afficher d\u00e9roulement complet du projet<\/em><\/li>\n<li>Faire s\u00fbr que l&#8217;\u00e9quipement s\u00e9lectionn\u00e9 est le m\u00eame d&#8217;un client \u00e0 l&#8217;autre<\/li>\n<li>\u00c9valuer si le temps pris pour chacun des voyages est normal. Lors d&#8217;un doute, contacter le camionneur pour avoir des explications.<\/li>\n<li>Comparer les types de mat\u00e9riaux\/transports et les quantit\u00e9s avec les bons de pes\u00e9e pour valider l&#8217;exactitude<\/li>\n<li>La personne en charge des feuilles de temps, a la libert\u00e9 d&#8217;ajouter des sp\u00e9cifications dans les champs &#8220;Description&#8221; si jug\u00e9 bon.<\/li>\n<li>Approuver et enregistrer la feuille<\/li>\n<\/ul>\n<p><strong>Camionneurs en sous-traitance<\/strong><br \/>\nLa plupart des camionneurs engag\u00e9s ne sont pas en mesure d&#8217;inscrire eux-m\u00eame leurs feuilles de temps dans la base de donn\u00e9es. Toutefois, ils sont tenus de fournir la r\u00e9partition des heures travaill\u00e9es avec leurs bons de travail. Ainsi, le responsable des feuilles de temps est en mesure de cr\u00e9er une feuille de temps pour chacun des sous-traitants. Si l&#8217;une des compagnies de transport avait mauvaise habitude de fournir de l&#8217;information incompl\u00e8te, il faut contacter le le propri\u00e9taire en question pour lui faire part de la situation.<\/p>\n","protected":false},"excerpt":{"rendered":"<p>Gestion des feuilles de temps La gestion des feuilles de temps est l&#8217;une des t\u00e2ches les plus d\u00e9licate et importante. C&#8217;est le lien entre les ouvriers et le bureau, le support sur lequel s&#8217;appuie le processus de facturation. Tous les ouvriers inscrivent quotidiennement le d\u00e9tail des heures travaill\u00e9es, ainsi que le mat\u00e9riel utilis\u00e9 sur les [&hellip;]<\/p>\n","protected":false},"author":1,"featured_media":0,"parent":50,"menu_order":10,"comment_status":"closed","ping_status":"closed","template":"","meta":{"footnotes":""},"class_list":["post-81","page","type-page","status-publish","hentry"],"_links":{"self":[{"href":"https:\/\/pyramide.excavationsallard.com\/index.php?rest_route=\/wp\/v2\/pages\/81","targetHints":{"allow":["GET"]}}],"collection":[{"href":"https:\/\/pyramide.excavationsallard.com\/index.php?rest_route=\/wp\/v2\/pages"}],"about":[{"href":"https:\/\/pyramide.excavationsallard.com\/index.php?rest_route=\/wp\/v2\/types\/page"}],"author":[{"embeddable":true,"href":"https:\/\/pyramide.excavationsallard.com\/index.php?rest_route=\/wp\/v2\/users\/1"}],"replies":[{"embeddable":true,"href":"https:\/\/pyramide.excavationsallard.com\/index.php?rest_route=%2Fwp%2Fv2%2Fcomments&post=81"}],"version-history":[{"count":12,"href":"https:\/\/pyramide.excavationsallard.com\/index.php?rest_route=\/wp\/v2\/pages\/81\/revisions"}],"predecessor-version":[{"id":284,"href":"https:\/\/pyramide.excavationsallard.com\/index.php?rest_route=\/wp\/v2\/pages\/81\/revisions\/284"}],"up":[{"embeddable":true,"href":"https:\/\/pyramide.excavationsallard.com\/index.php?rest_route=\/wp\/v2\/pages\/50"}],"wp:attachment":[{"href":"https:\/\/pyramide.excavationsallard.com\/index.php?rest_route=%2Fwp%2Fv2%2Fmedia&parent=81"}],"curies":[{"name":"wp","href":"https:\/\/api.w.org\/{rel}","templated":true}]}}