{"id":85,"date":"2016-02-03T16:23:39","date_gmt":"2016-02-03T16:23:39","guid":{"rendered":"http:\/\/pyramide.excavationsallard.com\/?page_id=85"},"modified":"2016-03-12T13:09:18","modified_gmt":"2016-03-12T18:09:18","slug":"reception-en-personne","status":"publish","type":"page","link":"https:\/\/pyramide.excavationsallard.com\/?page_id=85","title":{"rendered":"R\u00e9ception en personne"},"content":{"rendered":"<h1><span style=\"color: #26ad60;\">R\u00e9ception en personne<\/span><\/h1>\n<hr \/>\n<p>Les visiteurs sont les bienvenues et importants; c&#8217;est l&#8217;image qu&#8217;on doit d\u00e9gager.<br \/>\nIl peut arriver qu&#8217;un visiteur veuille obtenir une soumission ou une estimation pour un projet. Le\/la r\u00e9ceptionniste doit demander les plans et documents requis pour la fourniture du prix. <a href=\"http:\/\/pyramide.excavationsallard.com\/?page_id=122\">Que dois-je demander?<\/a><br \/>\nToutes informations \u00e0 ne pas oublier\u00a0doivent \u00eatre <span style=\"text-decoration: underline;\">enregistr\u00e9es dans le journal.<\/span><\/p>\n<p><strong>R\u00e9ception de documents papier<\/strong><br \/>\nRemettre au soumissionnaire appropri\u00e9 les documents apport\u00e9s que nous pouvons conserver. En cas d&#8217;incertitude, valider par texto avec un responsable.<br \/>\nSi les documents doivent \u00eatre repris par le client, photographier, de fa\u00e7on claire, chacune des pages du\/des document(s) et les placer dans le <a href=\"http:\/\/pyramide.excavationsallard.com\/?page_id=90\">dossier Google Drive<\/a> du client en question:<\/p>\n<ul style=\"position: relative; top: -20px;\">\n<li>Utiliser le t\u00e9l\u00e9phone cellulaire comme appareil<\/li>\n<li>Au moyen d\u2019<a href=\"http:\/\/pyramide.excavationsallard.com\/?page_id=97\">Airdroid<\/a>, s\u00e9lectionner et t\u00e9l\u00e9charger les photos sur ordinateur<\/li>\n<li>Les images seront t\u00e9l\u00e9charg\u00e9es dans un fichier ZIP; d\u00e9compresser les photos dans le dossier du client en respectant <a href=\"http:\/\/pyramide.excavationsallard.com\/?page_id=94\">la structure,<\/a><\/li>\n<li>supprimer les originales du t\u00e9l\u00e9phone ainsi que le fichier ZIP de l&#8217;ordinateur.<\/li>\n<li>Mentionner l&#8217;ajout des fichiers dans le journal<\/li>\n<\/ul>\n<p><strong>Remise de documents papier<\/strong><br \/>\nLes documents remis aux clients doivent, autant que possible, \u00eatre propres et sans pli. Selon le bon jugement du r\u00e9ceptionniste, un porte-document homologu\u00e9 peut \u00eatre utilis\u00e9 pour remettre un imprim\u00e9 officiel Excavation S. Allard tel que:<\/p>\n<ul style=\"position: relative; top: -20px;\">\n<li>Soumission<\/li>\n<li>Estimation<\/li>\n<li>Facture<\/li>\n<li>Autres documents avec le design officiel<\/li>\n<\/ul>\n","protected":false},"excerpt":{"rendered":"<p>R\u00e9ception en personne Les visiteurs sont les bienvenues et importants; c&#8217;est l&#8217;image qu&#8217;on doit d\u00e9gager. Il peut arriver qu&#8217;un visiteur veuille obtenir une soumission ou une estimation pour un projet. Le\/la r\u00e9ceptionniste doit demander les plans et documents requis pour la fourniture du prix. Que dois-je demander? Toutes informations \u00e0 ne pas oublier\u00a0doivent \u00eatre enregistr\u00e9es [&hellip;]<\/p>\n","protected":false},"author":1,"featured_media":0,"parent":46,"menu_order":30,"comment_status":"closed","ping_status":"closed","template":"","meta":{"footnotes":""},"class_list":["post-85","page","type-page","status-publish","hentry"],"_links":{"self":[{"href":"https:\/\/pyramide.excavationsallard.com\/index.php?rest_route=\/wp\/v2\/pages\/85","targetHints":{"allow":["GET"]}}],"collection":[{"href":"https:\/\/pyramide.excavationsallard.com\/index.php?rest_route=\/wp\/v2\/pages"}],"about":[{"href":"https:\/\/pyramide.excavationsallard.com\/index.php?rest_route=\/wp\/v2\/types\/page"}],"author":[{"embeddable":true,"href":"https:\/\/pyramide.excavationsallard.com\/index.php?rest_route=\/wp\/v2\/users\/1"}],"replies":[{"embeddable":true,"href":"https:\/\/pyramide.excavationsallard.com\/index.php?rest_route=%2Fwp%2Fv2%2Fcomments&post=85"}],"version-history":[{"count":17,"href":"https:\/\/pyramide.excavationsallard.com\/index.php?rest_route=\/wp\/v2\/pages\/85\/revisions"}],"predecessor-version":[{"id":302,"href":"https:\/\/pyramide.excavationsallard.com\/index.php?rest_route=\/wp\/v2\/pages\/85\/revisions\/302"}],"up":[{"embeddable":true,"href":"https:\/\/pyramide.excavationsallard.com\/index.php?rest_route=\/wp\/v2\/pages\/46"}],"wp:attachment":[{"href":"https:\/\/pyramide.excavationsallard.com\/index.php?rest_route=%2Fwp%2Fv2%2Fmedia&parent=85"}],"curies":[{"name":"wp","href":"https:\/\/api.w.org\/{rel}","templated":true}]}}