{"id":90,"date":"2016-02-03T16:42:36","date_gmt":"2016-02-03T16:42:36","guid":{"rendered":"http:\/\/pyramide.excavationsallard.com\/?page_id=90"},"modified":"2016-03-21T11:42:43","modified_gmt":"2016-03-21T16:42:43","slug":"ouverture-des-dossiers","status":"publish","type":"page","link":"https:\/\/pyramide.excavationsallard.com\/?page_id=90","title":{"rendered":"Ouverture des dossiers"},"content":{"rendered":"<h1><span style=\"color: #26ad60;\">Ouverture des dossiers<\/span><\/h1>\n<hr \/>\n<p>La bonne gestion des dossiers client est primordiale. C&#8217;est pourquoi cette page n&#8217;est d\u00e9di\u00e9e qu&#8217;\u00e0 l&#8217;ouverture de dossiers. Le tableau ci-dessous d\u00e9crit les conditions pour ouvrir des fiches client\/projet dans Gestio ainsi que les dossiers Google Drive:<\/p>\n<table class=\"smalltab\">\n<tbody>\n<tr>\n<td class=\"bottBord leftBord\"><\/td>\n<td class=\"bottBord\" align=\"center\">Client<\/td>\n<td class=\"bottBord\" align=\"center\">Projet<\/td>\n<td class=\"bottBord\" align=\"center\">Drive<\/td>\n<\/tr>\n<tr>\n<td class=\"leftBord\" align=\"left\">Demande de soumission accompagn\u00e9e de documents\/plans<\/td>\n<td align=\"center\">X<\/td>\n<td align=\"center\">X<\/td>\n<td align=\"center\">X<\/td>\n<\/tr>\n<tr>\n<td class=\"leftBord\" align=\"left\">Demande de soumission, client affirme que nous avons le contrat<\/td>\n<td align=\"center\">X<\/td>\n<td align=\"center\">X<\/td>\n<td align=\"center\">&#8211;<\/td>\n<\/tr>\n<tr>\n<td class=\"leftBord\" align=\"left\">Client existant appelle pour nouveau projet<\/td>\n<td align=\"center\">X<\/td>\n<td align=\"center\">X<\/td>\n<td align=\"center\">&#8211;<\/td>\n<\/tr>\n<tr>\n<td class=\"leftBord\" align=\"left\">Nouveau client demande retour d&#8217;appel, sans fichier<\/td>\n<td align=\"center\">X<\/td>\n<td align=\"center\">&#8211;<\/td>\n<td align=\"center\">&#8211;<\/td>\n<\/tr>\n<tr>\n<td class=\"leftBord\" align=\"left\">Demande d&#8217;informations sans fichier ou info pertinente, ni demande de rappel<\/td>\n<td align=\"center\">&#8211;<\/td>\n<td align=\"center\">&#8211;<\/td>\n<td align=\"center\">&#8211;<\/td>\n<\/tbody>\n<\/table>\n<p>*IMPORTANT: avant d&#8217;inscrire un nouveau client dans Gestio, il faut v\u00e9rifier s&#8217;il existe d\u00e9j\u00e0. Au besoin, r\u00e9activer un client inactif.<\/p>\n<p><strong>Afin de conserver l&#8217;uniformit\u00e9 dans les dossiers&#8230;<\/strong><\/p>\n<ul style=\"position: relative; top: -20px;\">\n<li>utiliser la nature des travaux pour nommer le projet (s&#8217;inspirer du nom des projets existants dans Gestio).<\/li>\n<li>classer les dossiers Google Drive par nom de famille ou d&#8217;entreprise sans tenir compte des titres universels comme:\n<ul style=\"font-size: 14px;\">\n<li>Construction<\/li>\n<li>Habitation<\/li>\n<li>Entreprise<\/li>\n<li>D\u00e9veloppement<\/li>\n<li>etc&#8230;<\/li>\n<\/ul>\n<\/li>\n<li>respecter la <a href=\"http:\/\/pyramide.excavationsallard.com\/?page_id=94\">structure de Google Drive<\/a> et <a href=\"http:\/\/pyramide.excavationsallard.com\/?page_id=198\">l&#8217;appellation des fichiers<\/a> lors de cr\u00e9ation\/ajout de fichiers\/dossiers<\/li>\n<li>s&#8217;assurer de\u00a0l\u2019existence d&#8217;une fiche client et d&#8217;une fiche projet se rattachant au dossier Drive cr\u00e9\u00e9<\/li>\n<li>enregistrer les documents fournis par le client dans le <a href=\"http:\/\/pyramide.excavationsallard.com\/?page_id=94\">dossier \u00abDocuments\u00bb<\/a> du projet.<\/li>\n<li>mentionner l&#8217;ajout de fichiers dans le journal<\/li>\n<\/ul>\n","protected":false},"excerpt":{"rendered":"<p>Ouverture des dossiers La bonne gestion des dossiers client est primordiale. C&#8217;est pourquoi cette page n&#8217;est d\u00e9di\u00e9e qu&#8217;\u00e0 l&#8217;ouverture de dossiers. Le tableau ci-dessous d\u00e9crit les conditions pour ouvrir des fiches client\/projet dans Gestio ainsi que les dossiers Google Drive: Client Projet Drive Demande de soumission accompagn\u00e9e de documents\/plans X X X Demande de soumission, [&hellip;]<\/p>\n","protected":false},"author":1,"featured_media":0,"parent":46,"menu_order":50,"comment_status":"closed","ping_status":"closed","template":"","meta":{"footnotes":""},"class_list":["post-90","page","type-page","status-publish","hentry"],"_links":{"self":[{"href":"https:\/\/pyramide.excavationsallard.com\/index.php?rest_route=\/wp\/v2\/pages\/90","targetHints":{"allow":["GET"]}}],"collection":[{"href":"https:\/\/pyramide.excavationsallard.com\/index.php?rest_route=\/wp\/v2\/pages"}],"about":[{"href":"https:\/\/pyramide.excavationsallard.com\/index.php?rest_route=\/wp\/v2\/types\/page"}],"author":[{"embeddable":true,"href":"https:\/\/pyramide.excavationsallard.com\/index.php?rest_route=\/wp\/v2\/users\/1"}],"replies":[{"embeddable":true,"href":"https:\/\/pyramide.excavationsallard.com\/index.php?rest_route=%2Fwp%2Fv2%2Fcomments&post=90"}],"version-history":[{"count":9,"href":"https:\/\/pyramide.excavationsallard.com\/index.php?rest_route=\/wp\/v2\/pages\/90\/revisions"}],"predecessor-version":[{"id":349,"href":"https:\/\/pyramide.excavationsallard.com\/index.php?rest_route=\/wp\/v2\/pages\/90\/revisions\/349"}],"up":[{"embeddable":true,"href":"https:\/\/pyramide.excavationsallard.com\/index.php?rest_route=\/wp\/v2\/pages\/46"}],"wp:attachment":[{"href":"https:\/\/pyramide.excavationsallard.com\/index.php?rest_route=%2Fwp%2Fv2%2Fmedia&parent=90"}],"curies":[{"name":"wp","href":"https:\/\/api.w.org\/{rel}","templated":true}]}}